{"id":1427,"date":"2023-06-28T08:51:26","date_gmt":"2023-06-28T08:51:26","guid":{"rendered":"https:\/\/www.auto-kolsoppi.fi\/?page_id=1427"},"modified":"2025-10-16T10:15:43","modified_gmt":"2025-10-16T10:15:43","slug":"yhteystiedot-2","status":"publish","type":"page","link":"https:\/\/www.auto-kolsoppi.fi\/?page_id=1427","title":{"rendered":"Yhteystiedot"},"content":{"rendered":"\t\t<div data-elementor-type=\"wp-page\" data-elementor-id=\"1427\" class=\"elementor elementor-1427\">\n\t\t\t\t\t\t\t\t\t<section class=\"elementor-section elementor-top-section elementor-element elementor-element-e483fa8 elementor-section-boxed elementor-section-height-default elementor-section-height-default\" data-id=\"e483fa8\" data-element_type=\"section\">\n\t\t\t\t\t\t<div class=\"elementor-container elementor-column-gap-default\">\n\t\t\t\t\t<div class=\"elementor-column elementor-col-100 elementor-top-column elementor-element elementor-element-16eaae8\" data-id=\"16eaae8\" data-element_type=\"column\">\n\t\t\t<div class=\"elementor-widget-wrap elementor-element-populated\">\n\t\t\t\t\t\t\t\t<div class=\"elementor-element elementor-element-fdd1b07 elementor-widget elementor-widget-heading\" data-id=\"fdd1b07\" data-element_type=\"widget\" data-widget_type=\"heading.default\">\n\t\t\t\t<div class=\"elementor-widget-container\">\n\t\t\t<style>\/*! elementor - v3.14.0 - 26-06-2023 *\/\n.elementor-heading-title{padding:0;margin:0;line-height:1}.elementor-widget-heading .elementor-heading-title[class*=elementor-size-]>a{color:inherit;font-size:inherit;line-height:inherit}.elementor-widget-heading .elementor-heading-title.elementor-size-small{font-size:15px}.elementor-widget-heading .elementor-heading-title.elementor-size-medium{font-size:19px}.elementor-widget-heading .elementor-heading-title.elementor-size-large{font-size:29px}.elementor-widget-heading .elementor-heading-title.elementor-size-xl{font-size:39px}.elementor-widget-heading .elementor-heading-title.elementor-size-xxl{font-size:59px}<\/style><h2 class=\"elementor-heading-title elementor-size-default\">AUTOKOLSOPPI OY<\/h2>\t\t<\/div>\n\t\t\t\t<\/div>\n\t\t\t\t\t<\/div>\n\t\t<\/div>\n\t\t\t\t\t\t\t<\/div>\n\t\t<\/section>\n\t\t\t\t<section class=\"elementor-section elementor-top-section elementor-element elementor-element-9034ebe elementor-section-boxed elementor-section-height-default elementor-section-height-default\" data-id=\"9034ebe\" data-element_type=\"section\">\n\t\t\t\t\t\t<div class=\"elementor-container elementor-column-gap-default\">\n\t\t\t\t\t<div class=\"elementor-column elementor-col-50 elementor-top-column elementor-element elementor-element-0b7ae34\" data-id=\"0b7ae34\" data-element_type=\"column\">\n\t\t\t<div class=\"elementor-widget-wrap elementor-element-populated\">\n\t\t\t\t\t\t\t\t<div class=\"elementor-element elementor-element-125fc2d elementor-widget elementor-widget-text-editor\" data-id=\"125fc2d\" data-element_type=\"widget\" data-widget_type=\"text-editor.default\">\n\t\t\t\t<div class=\"elementor-widget-container\">\n\t\t\t<style>\/*! elementor - v3.14.0 - 26-06-2023 *\/\n.elementor-widget-text-editor.elementor-drop-cap-view-stacked .elementor-drop-cap{background-color:#69727d;color:#fff}.elementor-widget-text-editor.elementor-drop-cap-view-framed .elementor-drop-cap{color:#69727d;border:3px solid;background-color:transparent}.elementor-widget-text-editor:not(.elementor-drop-cap-view-default) .elementor-drop-cap{margin-top:8px}.elementor-widget-text-editor:not(.elementor-drop-cap-view-default) .elementor-drop-cap-letter{width:1em;height:1em}.elementor-widget-text-editor .elementor-drop-cap{float:left;text-align:center;line-height:1;font-size:50px}.elementor-widget-text-editor .elementor-drop-cap-letter{display:inline-block}<\/style>\t\t\t\t<p><span style=\"color: #003366;\">Avoinna<\/span><br \/>Ma &#8211; Pe: 8 &#8211; 17<br \/>La &#8211; Su: 9 &#8211; 14<\/p>\n<p><span style=\"color: #003366;\">Puhelin<\/span><br \/>+358 (0) 103 222 799<\/p>\n<p><span style=\"color: #003366;\">Varaosa- ja automyynti<\/span><br \/>Janne Kuohukivi: +358 (0) 400 635 778<\/p>\n<p><span style=\"color: #003366;\">Email<\/span><br \/>autokolsoppi@elisanet.fi<\/p>\n<p><span style=\"color: #003366;\">Osoite<\/span><br \/>Auto-Kolsoppi Oy<br \/>Kolsopintie 8<br \/>33470 Yl\u00f6j\u00e4rvi<\/p>\n<p>Katso sijainti <a href=\"https:\/\/goo.gl\/maps\/WQcdVoqSztmo31ZS8\" target=\"_blank\" rel=\"noopener\">kartalta!<\/a><\/p>\t\t\t\t\t\t<\/div>\n\t\t\t\t<\/div>\n\t\t\t\t\t<\/div>\n\t\t<\/div>\n\t\t\t\t<div class=\"elementor-column elementor-col-50 elementor-top-column elementor-element elementor-element-6faac61\" data-id=\"6faac61\" data-element_type=\"column\">\n\t\t\t<div class=\"elementor-widget-wrap elementor-element-populated\">\n\t\t\t\t\t\t\t\t<div class=\"elementor-element elementor-element-d8b2728 elementor-widget elementor-widget-wp-widget-sow-contact-form\" data-id=\"d8b2728\" data-element_type=\"widget\" data-widget_type=\"wp-widget-sow-contact-form.default\">\n\t\t\t\t<div class=\"elementor-widget-container\">\n\t\t\t<div\n\t\t\t\n\t\t\tclass=\"so-widget-sow-contact-form so-widget-sow-contact-form-default-80dcf4a5b948\"\n\t\t\t\n\t\t><h5>Yhteydenotto<\/h5>\t<form\n\t\taction=\"\/index.php?rest_route=%2Fwp%2Fv2%2Fpages%2F1427\"\n\t\tmethod=\"POST\"\n\t\tclass=\"sow-contact-form\"\n\t\tid=\"contact-form-aef8\"\n\t>\n\n\t\t\n\t\t\t\t\t<div class=\"sow-form-field sow-form-field-name\">\n\t\t\t\t\t\t\t\t<div class=\"sow-field-container\">\n\t\t\t\t\t\t\t<input\n\t\t\ttype=\"text\"\n\t\t\tname=\"nimi-1\"\n\t\t\tid=\"sow-contact-form-field-nimi-1\"\n\t\t\tvalue=\"\"\n\t\t\tclass=\"sow-text-field\"\n\t\t\tplaceholder=\"Nimi\"\t\t\t\t\t\/>\n\t\t\t\t\t\t<\/div>\n\t\t\t\t\t\t\t<\/div>\n\t\t\t\t\t\t<div class=\"sow-form-field sow-form-field-email\">\n\t\t\t\t\t\t\t\t<div class=\"sow-field-container\">\n\t\t\t\t\t\t\t<input\n\t\t\ttype=\"email\"\n\t\t\tname=\"sahkopostiosoite-1\"\n\t\t\tid=\"sow-contact-form-field-sahkopostiosoite-1\"\n\t\t\tvalue=\"\"\n\t\t\tclass=\"sow-text-field\"placeholder=\"S\u00e4hk\u00f6postiosoite\"\t\t\t\t\t\t\t\t\/>\n\t\t\t\t\t\t<\/div>\n\t\t\t\t\t\t\t<\/div>\n\t\t\t\t\t\t<div class=\"sow-form-field sow-form-field-textarea\">\n\t\t\t\t\t\t\t\t<div class=\"sow-field-container\">\n\t\t\t\t\t\t\t<textarea\n\t\t\tname=\"viesti-1\"\n\t\t\tid=\"sow-contact-form-field-viesti-1\"\n\t\t\trows=\"10\"\n\t\t\tplaceholder=\"Viesti\"\t\t\t\t\t><\/textarea>\n\t\t\t\t\t\t<\/div>\n\t\t\t\t\t\t\t<\/div>\n\t\t\t\n\t\t\n\t\t<div class=\"sow-submit-wrapper \n\t\tsow-submit-styled\t\t\">\n\n\t\t\t<button\n\t\t\t\ttype=\"submit\"\n\t\t\t\tclass=\"sow-submit\n\t\t\t\t\t\t\t\t\"\n\t\t\t\t\t\t\t>\n\t\t\t\tL\u00e4het\u00e4\t\t\t<\/button>\n\t\t<\/div>\n\t\t\t\t<input\n\t\t\ttype=\"hidden\"\n\t\t\tname=\"instance_hash-1\"\n\t\t\tvalue=\"aef8b725\"\n\t\t\/>\n\n\t\t<input type=\"hidden\" id=\"_wpnonce\" name=\"_wpnonce\" value=\"6028d6612c\" \/><input type=\"hidden\" name=\"_wp_http_referer\" value=\"\/index.php?rest_route=%2Fwp%2Fv2%2Fpages%2F1427\" \/>\t<\/form>\n\t<\/div>\t\t<\/div>\n\t\t\t\t<\/div>\n\t\t\t\t\t<\/div>\n\t\t<\/div>\n\t\t\t\t\t\t\t<\/div>\n\t\t<\/section>\n\t\t\t\t<section class=\"elementor-section elementor-top-section elementor-element elementor-element-040a71f elementor-section-boxed elementor-section-height-default elementor-section-height-default\" data-id=\"040a71f\" data-element_type=\"section\">\n\t\t\t\t\t\t<div class=\"elementor-container elementor-column-gap-default\">\n\t\t\t\t\t<div class=\"elementor-column elementor-col-50 elementor-top-column elementor-element elementor-element-70434fc\" data-id=\"70434fc\" data-element_type=\"column\">\n\t\t\t<div class=\"elementor-widget-wrap elementor-element-populated\">\n\t\t\t\t\t\t\t\t<div class=\"elementor-element elementor-element-e463516 elementor-widget elementor-widget-heading\" data-id=\"e463516\" data-element_type=\"widget\" data-widget_type=\"heading.default\">\n\t\t\t\t<div class=\"elementor-widget-container\">\n\t\t\t<h2 class=\"elementor-heading-title elementor-size-default\">LASKUTUS<\/h2>\t\t<\/div>\n\t\t\t\t<\/div>\n\t\t\t\t<div class=\"elementor-element elementor-element-ef075f2 elementor-widget__width-initial elementor-widget elementor-widget-text-editor\" data-id=\"ef075f2\" data-element_type=\"widget\" data-widget_type=\"text-editor.default\">\n\t\t\t\t<div class=\"elementor-widget-container\">\n\t\t\t\t\t\t\t<p style=\"margin-bottom: 0cm;\"><span style=\"color: #003366; font-size: 1rem;\">Verkkolaskut<\/span><\/p>\n<p style=\"margin-bottom: 0cm;\">Auto-Kolsoppi Oy, 1047589-4<\/p>\n<p style=\"margin-bottom: 0cm;\"><b style=\"font-size: 1rem;\">Verkkolaskuosoite:<\/b><span style=\"font-size: 1rem;\"> 003710475894<\/span><\/p>\n<p style=\"margin-bottom: 0cm;\"><b>Operaattori:<\/b> Maventa (003721291126)<\/p>\n<p style=\"margin-bottom: 0cm;\">K\u00e4ytt\u00e4k\u00e4\u00e4 v\u00e4litt\u00e4j\u00e4tunnusta DABAFIHH mik\u00e4li<br \/>k\u00e4yt\u00f6ss\u00e4nne olevasta verkkolaskutusohjelmasta ei voi l\u00e4hett\u00e4\u00e4 laskuja suoraan Maventan v\u00e4litt\u00e4j\u00e4tunnukselle.<\/p>\n<p style=\"margin-bottom: 0cm;\">\u00a0<\/p>\t\t\t\t\t\t<\/div>\n\t\t\t\t<\/div>\n\t\t\t\t<div class=\"elementor-element elementor-element-e58f509 elementor-widget elementor-widget-text-editor\" data-id=\"e58f509\" data-element_type=\"widget\" data-widget_type=\"text-editor.default\">\n\t\t\t\t<div class=\"elementor-widget-container\">\n\t\t\t\t\t\t\t<p style=\"margin-bottom: 0cm;\"><span style=\"color: #003366; font-size: 1rem;\">Laskut s\u00e4hk\u00f6postitse\u00a0<\/span><\/p>\n<p style=\"margin-bottom: 0cm;\">Mik\u00e4li yrityksell\u00e4nne ei ole mahdollisuutta toimittaa verkkolaskuja, voitte l\u00e4hett\u00e4\u00e4 laskut skannauspalveluun\u00a0<span style=\"font-size: 1rem;\">10475894@scan.netvisor.fi<\/span><\/p>\n<p style=\"margin-bottom: 0cm;\">Toivomme, ett\u00e4 l\u00e4het\u00e4t<i>t<\/i>e t\u00e4h\u00e4n osoitteeseen ainoastaan laskuja.<\/p>\n<p style=\"margin-bottom: 0cm;\">Laskut l\u00e4hetet\u00e4\u00e4n palveluun s\u00e4hk\u00f6postin PDF-muotoisina (maksimikoko on 5Mb) liitetiedostoina ja laskun liitteiden tulee olla samassa tiedostossa itse laskun kanssa.<\/p>\t\t\t\t\t\t<\/div>\n\t\t\t\t<\/div>\n\t\t\t\t\t<\/div>\n\t\t<\/div>\n\t\t\t\t<div class=\"elementor-column elementor-col-50 elementor-top-column elementor-element elementor-element-1e57332\" data-id=\"1e57332\" data-element_type=\"column\">\n\t\t\t<div class=\"elementor-widget-wrap\">\n\t\t\t\t\t\t\t\t\t<\/div>\n\t\t<\/div>\n\t\t\t\t\t\t\t<\/div>\n\t\t<\/section>\n\t\t\t\t<section class=\"elementor-section elementor-top-section elementor-element elementor-element-19023a10 elementor-section-stretched elementor-section-boxed elementor-section-height-default elementor-section-height-default\" data-id=\"19023a10\" data-element_type=\"section\" data-settings=\"{&quot;stretch_section&quot;:&quot;section-stretched&quot;,&quot;background_background&quot;:&quot;classic&quot;}\">\n\t\t\t\t\t\t<div class=\"elementor-container elementor-column-gap-default\">\n\t\t\t\t\t<div class=\"elementor-column elementor-col-25 elementor-top-column elementor-element elementor-element-3b4cf590\" data-id=\"3b4cf590\" data-element_type=\"column\">\n\t\t\t<div class=\"elementor-widget-wrap elementor-element-populated\">\n\t\t\t\t\t\t\t\t<div class=\"elementor-element elementor-element-6808e411 elementor-widget elementor-widget-text-editor\" data-id=\"6808e411\" data-element_type=\"widget\" data-widget_type=\"text-editor.default\">\n\t\t\t\t<div class=\"elementor-widget-container\">\n\t\t\t\t\t\t\t<p>AUTO-KOLSOPPI OY<br \/><span style=\"color: #ffffff;\"><a style=\"color: #ffffff;\" href=\"https:\/\/www.auto-kolsoppi.fi\/?page_id=1427\">Laskutustiedot<\/a><\/span><br \/><span style=\"color: #ffffff;\"><a style=\"color: #ffffff;\" href=\"https:\/\/www.auto-kolsoppi.fi\/?page_id=1361\">Tietosuojaseloste<\/a><\/span><\/p>\t\t\t\t\t\t<\/div>\n\t\t\t\t<\/div>\n\t\t\t\t\t<\/div>\n\t\t<\/div>\n\t\t\t\t<div class=\"elementor-column elementor-col-25 elementor-top-column elementor-element elementor-element-33d05e99\" data-id=\"33d05e99\" data-element_type=\"column\">\n\t\t\t<div class=\"elementor-widget-wrap elementor-element-populated\">\n\t\t\t\t\t\t\t\t<div class=\"elementor-element elementor-element-14dd3b32 elementor-widget elementor-widget-text-editor\" data-id=\"14dd3b32\" data-element_type=\"widget\" data-widget_type=\"text-editor.default\">\n\t\t\t\t<div class=\"elementor-widget-container\">\n\t\t\t\t\t\t\t<p>OSOITE<br \/>Kolsopintie 8<br \/>33470 Yl\u00f6j\u00e4rvi<\/p>\t\t\t\t\t\t<\/div>\n\t\t\t\t<\/div>\n\t\t\t\t\t<\/div>\n\t\t<\/div>\n\t\t\t\t<div class=\"elementor-column elementor-col-25 elementor-top-column elementor-element elementor-element-26d0b206\" data-id=\"26d0b206\" data-element_type=\"column\">\n\t\t\t<div class=\"elementor-widget-wrap elementor-element-populated\">\n\t\t\t\t\t\t\t\t<div class=\"elementor-element elementor-element-32036945 elementor-widget elementor-widget-text-editor\" data-id=\"32036945\" data-element_type=\"widget\" data-widget_type=\"text-editor.default\">\n\t\t\t\t<div class=\"elementor-widget-container\">\n\t\t\t\t\t\t\t<p>ASIAKASPALVELU<br \/>+358 (0) 103 222 799<br \/>autokolsoppi@elisanet.fi<\/p>\t\t\t\t\t\t<\/div>\n\t\t\t\t<\/div>\n\t\t\t\t\t<\/div>\n\t\t<\/div>\n\t\t\t\t<div class=\"elementor-column elementor-col-25 elementor-top-column elementor-element elementor-element-550a83c7\" data-id=\"550a83c7\" data-element_type=\"column\">\n\t\t\t<div class=\"elementor-widget-wrap elementor-element-populated\">\n\t\t\t\t\t\t\t\t<div class=\"elementor-element elementor-element-1680950c elementor-widget elementor-widget-text-editor\" data-id=\"1680950c\" data-element_type=\"widget\" data-widget_type=\"text-editor.default\">\n\t\t\t\t<div class=\"elementor-widget-container\">\n\t\t\t\t\t\t\t<p>AVOINNA<br \/>Ma-pe: 8-17<br \/>La-su: 9-14<\/p>\t\t\t\t\t\t<\/div>\n\t\t\t\t<\/div>\n\t\t\t\t\t<\/div>\n\t\t<\/div>\n\t\t\t\t\t\t\t<\/div>\n\t\t<\/section>\n\t\t\t\t\t\t\t<\/div>\n\t\t","protected":false},"excerpt":{"rendered":"<p>AUTOKOLSOPPI OY AvoinnaMa &#8211; Pe: 8 &#8211; 17La &#8211; Su: 9 &#8211; 14 Puhelin+358 (0) 103 222 799 Varaosa- ja automyyntiJanne Kuohukivi: +358 (0) 400 635 778 Emailautokolsoppi@elisanet.fi OsoiteAuto-Kolsoppi OyKolsopintie 833470 Yl\u00f6j\u00e4rvi Katso sijainti kartalta! LASKUTUS Verkkolaskut Auto-Kolsoppi Oy, 1047589-4 Verkkolaskuosoite: 003710475894 Operaattori: Maventa (003721291126) K\u00e4ytt\u00e4k\u00e4\u00e4 v\u00e4litt\u00e4j\u00e4tunnusta DABAFIHH mik\u00e4lik\u00e4yt\u00f6ss\u00e4nne olevasta verkkolaskutusohjelmasta ei voi l\u00e4hett\u00e4\u00e4 laskuja &hellip; <\/p>\n<p class=\"link-more\"><a href=\"https:\/\/www.auto-kolsoppi.fi\/?page_id=1427\" class=\"more-link\">Jatka lukemista<span class=\"screen-reader-text\"> &#8221;Yhteystiedot&#8221;<\/span><\/a><\/p>\n","protected":false},"author":1,"featured_media":0,"parent":0,"menu_order":0,"comment_status":"closed","ping_status":"closed","template":"","meta":{"footnotes":""},"class_list":["post-1427","page","type-page","status-publish","hentry"],"_links":{"self":[{"href":"https:\/\/www.auto-kolsoppi.fi\/index.php?rest_route=\/wp\/v2\/pages\/1427","targetHints":{"allow":["GET"]}}],"collection":[{"href":"https:\/\/www.auto-kolsoppi.fi\/index.php?rest_route=\/wp\/v2\/pages"}],"about":[{"href":"https:\/\/www.auto-kolsoppi.fi\/index.php?rest_route=\/wp\/v2\/types\/page"}],"author":[{"embeddable":true,"href":"https:\/\/www.auto-kolsoppi.fi\/index.php?rest_route=\/wp\/v2\/users\/1"}],"replies":[{"embeddable":true,"href":"https:\/\/www.auto-kolsoppi.fi\/index.php?rest_route=%2Fwp%2Fv2%2Fcomments&post=1427"}],"version-history":[{"count":36,"href":"https:\/\/www.auto-kolsoppi.fi\/index.php?rest_route=\/wp\/v2\/pages\/1427\/revisions"}],"predecessor-version":[{"id":1504,"href":"https:\/\/www.auto-kolsoppi.fi\/index.php?rest_route=\/wp\/v2\/pages\/1427\/revisions\/1504"}],"wp:attachment":[{"href":"https:\/\/www.auto-kolsoppi.fi\/index.php?rest_route=%2Fwp%2Fv2%2Fmedia&parent=1427"}],"curies":[{"name":"wp","href":"https:\/\/api.w.org\/{rel}","templated":true}]}}