{"id":1393,"date":"2023-06-28T07:58:39","date_gmt":"2023-06-28T07:58:39","guid":{"rendered":"https:\/\/www.auto-kolsoppi.fi\/?page_id=1393"},"modified":"2025-10-16T10:12:27","modified_gmt":"2025-10-16T10:12:27","slug":"yritys-2","status":"publish","type":"page","link":"https:\/\/www.auto-kolsoppi.fi\/?page_id=1393","title":{"rendered":"Yritys"},"content":{"rendered":"\t\t<div data-elementor-type=\"wp-page\" data-elementor-id=\"1393\" class=\"elementor elementor-1393\">\n\t\t\t\t\t\t\t\t\t<section class=\"elementor-section elementor-top-section elementor-element elementor-element-b45822a elementor-section-stretched elementor-section-boxed elementor-section-height-default elementor-section-height-default\" data-id=\"b45822a\" data-element_type=\"section\" data-settings=\"{&quot;stretch_section&quot;:&quot;section-stretched&quot;}\">\n\t\t\t\t\t\t<div class=\"elementor-container elementor-column-gap-default\">\n\t\t\t\t\t<div class=\"elementor-column elementor-col-50 elementor-top-column elementor-element elementor-element-1b043c5\" data-id=\"1b043c5\" data-element_type=\"column\">\n\t\t\t<div class=\"elementor-widget-wrap elementor-element-populated\">\n\t\t\t\t\t\t\t\t<div class=\"elementor-element elementor-element-1fe1fd8 elementor-widget__width-initial animated-slow elementor-invisible elementor-widget elementor-widget-image\" data-id=\"1fe1fd8\" data-element_type=\"widget\" data-settings=\"{&quot;_animation&quot;:&quot;fadeInRight&quot;}\" data-widget_type=\"image.default\">\n\t\t\t\t<div class=\"elementor-widget-container\">\n\t\t\t<style>\/*! elementor - v3.14.0 - 26-06-2023 *\/\n.elementor-widget-image{text-align:center}.elementor-widget-image a{display:inline-block}.elementor-widget-image a img[src$=\".svg\"]{width:48px}.elementor-widget-image img{vertical-align:middle;display:inline-block}<\/style>\t\t\t\t\t\t\t\t\t\t\t\t<img loading=\"lazy\" decoding=\"async\" width=\"216\" height=\"300\" src=\"https:\/\/www.auto-kolsoppi.fi\/wp-content\/uploads\/2021\/02\/autokolsoppi-viivoilla3-216x300.jpg\" class=\"attachment-medium size-medium wp-image-1266\" alt=\"\" srcset=\"https:\/\/www.auto-kolsoppi.fi\/wp-content\/uploads\/2021\/02\/autokolsoppi-viivoilla3-216x300.jpg 216w, https:\/\/www.auto-kolsoppi.fi\/wp-content\/uploads\/2021\/02\/autokolsoppi-viivoilla3-115x160.jpg 115w, https:\/\/www.auto-kolsoppi.fi\/wp-content\/uploads\/2021\/02\/autokolsoppi-viivoilla3.jpg 227w\" sizes=\"auto, 100vw\" \/>\t\t\t\t\t\t\t\t\t\t\t\t\t\t\t<\/div>\n\t\t\t\t<\/div>\n\t\t\t\t\t<\/div>\n\t\t<\/div>\n\t\t\t\t<div class=\"elementor-column elementor-col-50 elementor-top-column elementor-element elementor-element-4d6466a\" data-id=\"4d6466a\" data-element_type=\"column\">\n\t\t\t<div class=\"elementor-widget-wrap elementor-element-populated\">\n\t\t\t\t\t\t\t\t<div class=\"elementor-element elementor-element-a59ff7d elementor-widget elementor-widget-heading\" data-id=\"a59ff7d\" data-element_type=\"widget\" data-widget_type=\"heading.default\">\n\t\t\t\t<div class=\"elementor-widget-container\">\n\t\t\t<style>\/*! elementor - v3.14.0 - 26-06-2023 *\/\n.elementor-heading-title{padding:0;margin:0;line-height:1}.elementor-widget-heading .elementor-heading-title[class*=elementor-size-]>a{color:inherit;font-size:inherit;line-height:inherit}.elementor-widget-heading .elementor-heading-title.elementor-size-small{font-size:15px}.elementor-widget-heading .elementor-heading-title.elementor-size-medium{font-size:19px}.elementor-widget-heading .elementor-heading-title.elementor-size-large{font-size:29px}.elementor-widget-heading .elementor-heading-title.elementor-size-xl{font-size:39px}.elementor-widget-heading .elementor-heading-title.elementor-size-xxl{font-size:59px}<\/style><h2 class=\"elementor-heading-title elementor-size-default\">AUTO-KOLSOPPI OY<\/h2>\t\t<\/div>\n\t\t\t\t<\/div>\n\t\t\t\t<div class=\"elementor-element elementor-element-5bacd49 elementor-widget__width-initial elementor-widget elementor-widget-text-editor\" data-id=\"5bacd49\" data-element_type=\"widget\" data-widget_type=\"text-editor.default\">\n\t\t\t\t<div class=\"elementor-widget-container\">\n\t\t\t<style>\/*! elementor - v3.14.0 - 26-06-2023 *\/\n.elementor-widget-text-editor.elementor-drop-cap-view-stacked .elementor-drop-cap{background-color:#69727d;color:#fff}.elementor-widget-text-editor.elementor-drop-cap-view-framed .elementor-drop-cap{color:#69727d;border:3px solid;background-color:transparent}.elementor-widget-text-editor:not(.elementor-drop-cap-view-default) .elementor-drop-cap{margin-top:8px}.elementor-widget-text-editor:not(.elementor-drop-cap-view-default) .elementor-drop-cap-letter{width:1em;height:1em}.elementor-widget-text-editor .elementor-drop-cap{float:left;text-align:center;line-height:1;font-size:50px}.elementor-widget-text-editor .elementor-drop-cap-letter{display:inline-block}<\/style>\t\t\t\t<p>Purkaamo-korjaamotoimintamme perustuu Scania, Volvo, Mercedes-Benz, Sisu ja Man kuorma-autojen korjaukseen sek\u00e4 uusien ja k\u00e4ytettyjen varaosien myyntiin.<\/p>\n<p>Meilt\u00e4 l\u00f6ytyy laaja valikoima raskaan kaluston varaosia sek\u00e4 laaja-alaista kokemusta vuosien takaa. Olemme erikoistuneet tasauspy\u00f6r\u00e4st\u00f6jen ja vaihteistojen korjauksiin.<\/p>\n<p>P\u00e4\u00e4konttorimme sijaitsee Tampereen kupeessa Yl\u00f6j\u00e4rvell\u00e4 ja toimitamme tuotteita vuorokauden toimitusajalla koko Suomen alueelle.<\/p>\n<p><a href=\"https:\/\/www.auto-kolsoppi.fi\/?page_id=1427\">Ota meihin yhteytt\u00e4,<\/a> niin selvit\u00e4mme tarvitsemasi tuotteen saatavuuden.<\/p>\t\t\t\t\t\t<\/div>\n\t\t\t\t<\/div>\n\t\t\t\t\t<\/div>\n\t\t<\/div>\n\t\t\t\t\t\t\t<\/div>\n\t\t<\/section>\n\t\t\t\t<section class=\"elementor-section elementor-top-section elementor-element elementor-element-c58bdf6 elementor-section-boxed elementor-section-height-default elementor-section-height-default\" data-id=\"c58bdf6\" data-element_type=\"section\">\n\t\t\t\t\t\t<div class=\"elementor-container elementor-column-gap-default\">\n\t\t\t\t\t<div class=\"elementor-column elementor-col-100 elementor-top-column elementor-element elementor-element-264354b\" data-id=\"264354b\" data-element_type=\"column\">\n\t\t\t<div class=\"elementor-widget-wrap elementor-element-populated\">\n\t\t\t\t\t\t\t\t<div class=\"elementor-element elementor-element-b86ce28 elementor-widget elementor-widget-heading\" data-id=\"b86ce28\" data-element_type=\"widget\" data-widget_type=\"heading.default\">\n\t\t\t\t<div class=\"elementor-widget-container\">\n\t\t\t<h2 class=\"elementor-heading-title elementor-size-default\">KOLARIAUTOSTA AUTO-KOLSOPIKSI<\/h2>\t\t<\/div>\n\t\t\t\t<\/div>\n\t\t\t\t<div class=\"elementor-element elementor-element-2233752 elementor-widget elementor-widget-text-editor\" data-id=\"2233752\" data-element_type=\"widget\" data-widget_type=\"text-editor.default\">\n\t\t\t\t<div class=\"elementor-widget-container\">\n\t\t\t\t\t\t\t<p>Tamperelainen nuorimies Raimo Kuohukivi perusti vuonna 1963 R. Kuohukivi -nimisen metallialan yrityksen. Samana vuonna h\u00e4nen nuorin veljens\u00e4 Seppo osti tullihuutokaupasta kolarivaurioituneen Volvo PV544 Sport henkil\u00f6auton. Veljekset korjasivat yhdess\u00e4 tuon aikakautensa legendaarisen punttiper\u00e4 ralliauton, jota pidet\u00e4\u00e4n edelleen yhten\u00e4 Volvon tyylikk\u00e4immist\u00e4 malleista.<\/p>\n<p>Korjausurakan p\u00e4\u00e4tteeksi auto vihdoinkin saatiin liikenteeseen. Innokkaan malttamattomana tuo&nbsp; 4-vaihteinen, 95 hevosvoimainen Sport kolaroitiin ja auto tuhoutui t\u00e4ysin. Veljeksien toivottomaan tilanteeseen ilmaantui yll\u00e4tt\u00e4en ostaja, joka halusi ostaa tuon harvinaisen auton moottorin sek\u00e4 vaihteiston.<\/p>\n<p>Syntyi idea hy\u00f6dynt\u00e4\u00e4 syntynytt\u00e4 vahinkoa ja myyd\u00e4 ajokelvoton auto kokonaan varaosiksi. Idea osoittautui menestyksekk\u00e4\u00e4ksi. Yritteli\u00e4\u00e4t veljekset alkoivat ostamaan Volvo-merkkisi\u00e4 henkil\u00f6autoja ja purkamaan niit\u00e4 varaosiksi.<\/p>\n<p>T\u00e4st\u00e4 kahden tarmokkaan nuoren miehen kantap\u00e4\u00e4n kautta opitusta liikeideasta toiminta kasvoi yhdeksi Suomen suurimpiin kuuluviin kuorma-autopurkamoihin.&nbsp;<span style=\"color: var( --e-global-color-7ef226d ); font-family: var( --e-global-typography-text-font-family ), Sans-serif; font-weight: var( --e-global-typography-text-font-weight ); font-size: 1rem;\">Auto-Kolsoppi Oy toimii nyky\u00e4\u00e4n toisessa polvessa.<\/span><\/p>\t\t\t\t\t\t<\/div>\n\t\t\t\t<\/div>\n\t\t\t\t\t<\/div>\n\t\t<\/div>\n\t\t\t\t\t\t\t<\/div>\n\t\t<\/section>\n\t\t\t\t<section class=\"elementor-section elementor-top-section elementor-element elementor-element-6dbcab6 elementor-section-stretched elementor-section-boxed elementor-section-height-default elementor-section-height-default\" data-id=\"6dbcab6\" data-element_type=\"section\" data-settings=\"{&quot;stretch_section&quot;:&quot;section-stretched&quot;,&quot;background_background&quot;:&quot;classic&quot;}\">\n\t\t\t\t\t\t<div class=\"elementor-container elementor-column-gap-default\">\n\t\t\t\t\t<div class=\"elementor-column elementor-col-25 elementor-top-column elementor-element elementor-element-e812dfc\" data-id=\"e812dfc\" data-element_type=\"column\">\n\t\t\t<div class=\"elementor-widget-wrap elementor-element-populated\">\n\t\t\t\t\t\t\t\t<div class=\"elementor-element elementor-element-1434b149 elementor-widget elementor-widget-text-editor\" data-id=\"1434b149\" data-element_type=\"widget\" data-widget_type=\"text-editor.default\">\n\t\t\t\t<div class=\"elementor-widget-container\">\n\t\t\t\t\t\t\t<p>AUTO-KOLSOPPI OY<br \/><span style=\"color: #ffffff;\"><a style=\"color: #ffffff;\" href=\"https:\/\/www.auto-kolsoppi.fi\/?page_id=1427\">Laskutustiedot<\/a><\/span><br \/><span style=\"color: #ffffff;\"><a style=\"color: #ffffff;\" href=\"https:\/\/www.auto-kolsoppi.fi\/?page_id=1361\">Tietosuojaseloste<\/a><\/span><\/p>\t\t\t\t\t\t<\/div>\n\t\t\t\t<\/div>\n\t\t\t\t\t<\/div>\n\t\t<\/div>\n\t\t\t\t<div class=\"elementor-column elementor-col-25 elementor-top-column elementor-element elementor-element-39e8c40\" data-id=\"39e8c40\" data-element_type=\"column\">\n\t\t\t<div class=\"elementor-widget-wrap elementor-element-populated\">\n\t\t\t\t\t\t\t\t<div class=\"elementor-element elementor-element-165b5e04 elementor-widget elementor-widget-text-editor\" data-id=\"165b5e04\" data-element_type=\"widget\" data-widget_type=\"text-editor.default\">\n\t\t\t\t<div class=\"elementor-widget-container\">\n\t\t\t\t\t\t\t<p>OSOITE<br \/>Kolsopintie 8<br \/>33470 Yl\u00f6j\u00e4rvi<\/p>\t\t\t\t\t\t<\/div>\n\t\t\t\t<\/div>\n\t\t\t\t\t<\/div>\n\t\t<\/div>\n\t\t\t\t<div class=\"elementor-column elementor-col-25 elementor-top-column elementor-element elementor-element-67ad2c4a\" data-id=\"67ad2c4a\" data-element_type=\"column\">\n\t\t\t<div class=\"elementor-widget-wrap elementor-element-populated\">\n\t\t\t\t\t\t\t\t<div class=\"elementor-element elementor-element-39c58564 elementor-widget elementor-widget-text-editor\" data-id=\"39c58564\" data-element_type=\"widget\" data-widget_type=\"text-editor.default\">\n\t\t\t\t<div class=\"elementor-widget-container\">\n\t\t\t\t\t\t\t<p>ASIAKASPALVELU<br \/>+358 (0) 103 222 799<br \/>autokolsoppi@elisanet.fi<\/p>\t\t\t\t\t\t<\/div>\n\t\t\t\t<\/div>\n\t\t\t\t\t<\/div>\n\t\t<\/div>\n\t\t\t\t<div class=\"elementor-column elementor-col-25 elementor-top-column elementor-element elementor-element-36bc632\" data-id=\"36bc632\" data-element_type=\"column\">\n\t\t\t<div class=\"elementor-widget-wrap elementor-element-populated\">\n\t\t\t\t\t\t\t\t<div class=\"elementor-element elementor-element-7876cf12 elementor-widget elementor-widget-text-editor\" data-id=\"7876cf12\" data-element_type=\"widget\" data-widget_type=\"text-editor.default\">\n\t\t\t\t<div class=\"elementor-widget-container\">\n\t\t\t\t\t\t\t<p>AVOINNA<br \/>Ma-pe: 8-17<br \/>La-su: 9-14<\/p>\t\t\t\t\t\t<\/div>\n\t\t\t\t<\/div>\n\t\t\t\t\t<\/div>\n\t\t<\/div>\n\t\t\t\t\t\t\t<\/div>\n\t\t<\/section>\n\t\t\t\t\t\t\t<\/div>\n\t\t","protected":false},"excerpt":{"rendered":"<p>AUTO-KOLSOPPI OY Purkaamo-korjaamotoimintamme perustuu Scania, Volvo, Mercedes-Benz, Sisu ja Man kuorma-autojen korjaukseen sek\u00e4 uusien ja k\u00e4ytettyjen varaosien myyntiin. Meilt\u00e4 l\u00f6ytyy laaja valikoima raskaan kaluston varaosia sek\u00e4 laaja-alaista kokemusta vuosien takaa. Olemme erikoistuneet tasauspy\u00f6r\u00e4st\u00f6jen ja vaihteistojen korjauksiin. P\u00e4\u00e4konttorimme sijaitsee Tampereen kupeessa Yl\u00f6j\u00e4rvell\u00e4 ja toimitamme tuotteita vuorokauden toimitusajalla koko Suomen alueelle. Ota meihin yhteytt\u00e4, niin selvit\u00e4mme tarvitsemasi &hellip; <\/p>\n<p class=\"link-more\"><a href=\"https:\/\/www.auto-kolsoppi.fi\/?page_id=1393\" class=\"more-link\">Jatka lukemista<span class=\"screen-reader-text\"> &#8221;Yritys&#8221;<\/span><\/a><\/p>\n","protected":false},"author":1,"featured_media":0,"parent":0,"menu_order":0,"comment_status":"closed","ping_status":"closed","template":"","meta":{"footnotes":""},"class_list":["post-1393","page","type-page","status-publish","hentry"],"_links":{"self":[{"href":"https:\/\/www.auto-kolsoppi.fi\/index.php?rest_route=\/wp\/v2\/pages\/1393","targetHints":{"allow":["GET"]}}],"collection":[{"href":"https:\/\/www.auto-kolsoppi.fi\/index.php?rest_route=\/wp\/v2\/pages"}],"about":[{"href":"https:\/\/www.auto-kolsoppi.fi\/index.php?rest_route=\/wp\/v2\/types\/page"}],"author":[{"embeddable":true,"href":"https:\/\/www.auto-kolsoppi.fi\/index.php?rest_route=\/wp\/v2\/users\/1"}],"replies":[{"embeddable":true,"href":"https:\/\/www.auto-kolsoppi.fi\/index.php?rest_route=%2Fwp%2Fv2%2Fcomments&post=1393"}],"version-history":[{"count":21,"href":"https:\/\/www.auto-kolsoppi.fi\/index.php?rest_route=\/wp\/v2\/pages\/1393\/revisions"}],"predecessor-version":[{"id":1492,"href":"https:\/\/www.auto-kolsoppi.fi\/index.php?rest_route=\/wp\/v2\/pages\/1393\/revisions\/1492"}],"wp:attachment":[{"href":"https:\/\/www.auto-kolsoppi.fi\/index.php?rest_route=%2Fwp%2Fv2%2Fmedia&parent=1393"}],"curies":[{"name":"wp","href":"https:\/\/api.w.org\/{rel}","templated":true}]}}