{"id":1361,"date":"2023-06-28T07:32:57","date_gmt":"2023-06-28T07:32:57","guid":{"rendered":"https:\/\/www.auto-kolsoppi.fi\/?page_id=1361"},"modified":"2023-06-28T08:05:17","modified_gmt":"2023-06-28T08:05:17","slug":"tietosuojaseloste","status":"publish","type":"page","link":"https:\/\/www.auto-kolsoppi.fi\/?page_id=1361","title":{"rendered":"Tietosuojaseloste"},"content":{"rendered":"\t\t<div data-elementor-type=\"wp-page\" data-elementor-id=\"1361\" class=\"elementor elementor-1361\">\n\t\t\t\t\t\t\t\t\t<section class=\"elementor-section elementor-top-section elementor-element elementor-element-06d3d55 elementor-section-boxed elementor-section-height-default elementor-section-height-default\" data-id=\"06d3d55\" data-element_type=\"section\">\n\t\t\t\t\t\t<div class=\"elementor-container elementor-column-gap-default\">\n\t\t\t\t\t<div class=\"elementor-column elementor-col-100 elementor-top-column elementor-element elementor-element-e301dd8\" data-id=\"e301dd8\" data-element_type=\"column\">\n\t\t\t<div class=\"elementor-widget-wrap elementor-element-populated\">\n\t\t\t\t\t\t\t\t<div class=\"elementor-element elementor-element-bea0f2e elementor-widget elementor-widget-text-editor\" data-id=\"bea0f2e\" data-element_type=\"widget\" data-widget_type=\"text-editor.default\">\n\t\t\t\t<div class=\"elementor-widget-container\">\n\t\t\t<style>\/*! elementor - v3.14.0 - 26-06-2023 *\/\n.elementor-widget-text-editor.elementor-drop-cap-view-stacked .elementor-drop-cap{background-color:#69727d;color:#fff}.elementor-widget-text-editor.elementor-drop-cap-view-framed .elementor-drop-cap{color:#69727d;border:3px solid;background-color:transparent}.elementor-widget-text-editor:not(.elementor-drop-cap-view-default) .elementor-drop-cap{margin-top:8px}.elementor-widget-text-editor:not(.elementor-drop-cap-view-default) .elementor-drop-cap-letter{width:1em;height:1em}.elementor-widget-text-editor .elementor-drop-cap{float:left;text-align:center;line-height:1;font-size:50px}.elementor-widget-text-editor .elementor-drop-cap-letter{display:inline-block}<\/style>\t\t\t\t<p>Tietosuojaseloste<br \/>1. Rekisteriseloste Henkil\u00f6tietolaki (523\/99) 10 \u00a7<\/p>\n<p>Auto-kolsoppi Oy:n asiakkaiden henkil\u00f6tietoja ker\u00e4t\u00e4\u00e4n asiakasrekisteriin rekister\u00f6itymisen ja yhteydenottojen yhteydess\u00e4. T\u00e4st\u00e4 rekisteriselosteesta selvi\u00e4\u00e4, mit\u00e4 tietoja ker\u00e4t\u00e4\u00e4n ja mihin niit\u00e4 k\u00e4ytet\u00e4\u00e4n.<\/p>\n<p>1.1. Rekisterinpit\u00e4j\u00e4<\/p>\n<p>Auto-kolsoppi OY<\/p>\n<p>Kolsopintie 8<br \/>33470 Yl\u00f6j\u00e4rvi, Finland<\/p>\n<p>\u00a0<\/p>\n<p>1.2. Rekisteriasioista vastaava<\/p>\n<p>Auto-kolsoppi Oy<\/p>\n<p>+358 (0) 103 222 799<br \/>autokolsoppi@elisanet.fi<\/p>\n<p>AUTO-KOLSOPPI OY<br \/>Kolsopintie 8<br \/>33470 Yl\u00f6j\u00e4rvi<\/p>\n<p>Y-tunnus: 1047589-4<\/p>\n<p>\u00a0<\/p>\n<p>1.3. Rekisterin nimi<\/p>\n<p>Auto-kolsoppi.fi k\u00e4ytt\u00e4j\u00e4rekisteri<\/p>\n<p>1.4. Henkil\u00f6tietojen k\u00e4sittelyn tarkoitus (rekisterin k\u00e4ytt\u00f6tarkoitus)<\/p>\n<p>auto-kolsoppi.fi verkkosivujen k\u00e4ytt\u00e4j\u00e4rekisteriin tallennettuja henkil\u00f6tietoja k\u00e4ytet\u00e4\u00e4n asiakassuhteiden hoitamiseen, yhteydenottojen hoitamiseksi, markkinointitarkoituksiin sek\u00e4 muihin verkkopalveluihin liittyviin tarkoituksiin.<\/p>\n<p>1.5. Rekisterin tietosis\u00e4lt\u00f6<\/p>\n<p>Rekisteriin ker\u00e4t\u00e4\u00e4n rekister\u00f6idyist\u00e4 perustietoja, kuten: \u2013 nimi \u2013 osoite \u2013 puhelin \u2013 s\u00e4hk\u00f6posti.<\/p>\n<p>1.6. S\u00e4\u00e4nn\u00f6nmukaiset tietol\u00e4hteet<\/p>\n<p>Rekisterinpit\u00e4j\u00e4 rekister\u00f6i auto-kolsoppi.fi verkkosivujen k\u00e4ytt\u00e4j\u00e4st\u00e4 ne tiedot, jotka k\u00e4ytt\u00e4j\u00e4 itse ilmoittaa verkkosivustoa k\u00e4ytt\u00e4ess\u00e4\u00e4n.<\/p>\n<p>1.7. S\u00e4\u00e4nn\u00f6nmukaiset tietojen luovutukset ja tietojen siirto EU:n tai Euroopan talousalueen ulkopuolelle<\/p>\n<p>Ei s\u00e4\u00e4nn\u00f6nmukaisia tietojen luovutuksia kolmansille osapuolille. Ei tietojen luovutuksia EU:n tai ETA:n ulkopuolelle.<\/p>\n<p>1.8. Rekisterin suojauksen periaatteet<\/p>\n<p>auto-kolsoppi.fi verkkosivujen k\u00e4ytt\u00e4j\u00e4rekisterin tiedot on tallennettu rekisterinpit\u00e4j\u00e4n j\u00e4rjestelm\u00e4\u00e4n. J\u00e4rjestelm\u00e4 on my\u00f6s suojattu palomuurein ja muiden teknisten keinojen avulla. J\u00e4rjestelm\u00e4\u00e4n tallennettuihin rekisterin sis\u00e4lt\u00e4miin tietoihin p\u00e4\u00e4sev\u00e4t ja niit\u00e4 ovat oikeutettuja k\u00e4ytt\u00e4m\u00e4\u00e4n vain tietyt, ennalta m\u00e4\u00e4ritellyt rekisterinpit\u00e4j\u00e4n ty\u00f6ntekij\u00e4t. Rekisterin sis\u00e4lt\u00e4m\u00e4t tiedot sijaitsevat lukituissa ja vartioiduissa tiloissa.<\/p>\n<p>1.9. Rekister\u00f6idyn kielto-oikeus<\/p>\n<p>Rekister\u00f6idyll\u00e4 on oikeus kielt\u00e4\u00e4 rekisterinpit\u00e4j\u00e4\u00e4 k\u00e4sittelem\u00e4st\u00e4 h\u00e4nt\u00e4 itse\u00e4\u00e4n koskevia tietoja suoramainontaa, et\u00e4myynti\u00e4 ja muuta suoramarkkinointia sek\u00e4 markkina- ja mielipidetutkimusta samoin kuin henkil\u00f6matrikkelia ja sukututkimusta varten. Kielto tulee tehd\u00e4 kirjallisesti ja osoittaa rekisteriasioista vastaavalle henkil\u00f6ille.<\/p>\n<p>1.10. Rekister\u00f6idyn tarkastus-oikeus<\/p>\n<p>Rekister\u00f6idyll\u00e4 on oikeus tarkastaa rekisteriin tallennetut itse\u00e4\u00e4n koskevat tiedot ja saada niist\u00e4 kopiot. Tarkastuspyynt\u00f6 tulee tehd\u00e4 kirjallisesti ja osoittaa rekisteriasioista vastaavalle henkil\u00f6lle.<\/p>\n<p>1.11. Tiedon korjaaminen Rekisterinpit\u00e4j\u00e4 oikaisee, poistaa tai t\u00e4ydent\u00e4\u00e4 rekisteriss\u00e4 olevan, k\u00e4sittelyn tarkoituksen kannalta virheellisen, tarpeettoman, puutteellisen tai vanhentuneen henkil\u00f6tiedon oma-aloitteisesti tai rekister\u00f6idyn vaatimuksesta. Rekister\u00f6idyn tulee ottaa yhteytt\u00e4 rekisterinpit\u00e4j\u00e4n rekisteriasioista vastaavaan henkil\u00f6\u00f6n tiedon korjaamiseksi.<\/p>\n<p>2. Ev\u00e4steiden k\u00e4ytt\u00f6<\/p>\n<p>auto-kolsoppi.fi verkkosivut k\u00e4ytt\u00e4\u00e4 ev\u00e4steit\u00e4 k\u00e4ytt\u00e4j\u00e4kokemuksen parantamiseksi. Ev\u00e4ste (cookie) on pieni tekstitiedosto, joka tallennetaan tilap\u00e4isesti k\u00e4ytt\u00e4j\u00e4n kiintolevylle. Ev\u00e4steit\u00e4 k\u00e4ytet\u00e4\u00e4n l\u00e4hes kaikilla verkkosivustoilla, eiv\u00e4tk\u00e4 sivustot v\u00e4ltt\u00e4m\u00e4tt\u00e4 toimi kunnolla ilman ev\u00e4steit\u00e4. Ev\u00e4ste sis\u00e4lt\u00e4\u00e4 satunnaisesti luodun yksil\u00f6iv\u00e4n tunnuksen, jonka avulla voimme tunnistaa laitteesi ja ker\u00e4t\u00e4 tietoa siit\u00e4, mit\u00e4 sivuja ja toimintoja verkkokaupassa k\u00e4yt\u00e4t.<\/p>\n<p>2.1. Ev\u00e4steet ja tilastointi<\/p>\n<p>K\u00e4yt\u00e4mme Google Analytics -ohjelmaa ker\u00e4t\u00e4ksemme tietoja siit\u00e4, miten verkkosivua k\u00e4ytet\u00e4\u00e4n. Tietojen avulla pyrimme saamaan k\u00e4sityksen siit\u00e4, mit\u00e4 verkkosivujemme asiakkaat haluavat ja miten voimme parhaiten antaa asiakkaille hyv\u00e4n k\u00e4ytt\u00f6kokemuksen.<\/p>\n<p>2.2. Ev\u00e4steiden est\u00e4minen ja poistaminen<\/p>\n<p>Voit est\u00e4\u00e4 ev\u00e4steiden k\u00e4yt\u00f6n laitteellasi muuttamalla selaimesi asetuksia. Asetusten sijainti riippuu selaimesta. Kannattaa kuitenkin ottaa huomioon, ett\u00e4 monet toiminnot edellytt\u00e4v\u00e4t, ett\u00e4 verkkosivu tallentaa tekem\u00e4si valinnat. Jos est\u00e4t ev\u00e4steet, et v\u00e4ltt\u00e4m\u00e4tt\u00e4 voi k\u00e4ytt\u00e4\u00e4 kaikkia toimintoja.<\/p>\t\t\t\t\t\t<\/div>\n\t\t\t\t<\/div>\n\t\t\t\t\t<\/div>\n\t\t<\/div>\n\t\t\t\t\t\t\t<\/div>\n\t\t<\/section>\n\t\t\t\t<section class=\"elementor-section elementor-top-section elementor-element elementor-element-f30c44f elementor-section-stretched elementor-section-boxed elementor-section-height-default elementor-section-height-default\" data-id=\"f30c44f\" data-element_type=\"section\" data-settings=\"{&quot;stretch_section&quot;:&quot;section-stretched&quot;,&quot;background_background&quot;:&quot;classic&quot;}\">\n\t\t\t\t\t\t<div class=\"elementor-container elementor-column-gap-default\">\n\t\t\t\t\t<div class=\"elementor-column elementor-col-25 elementor-top-column elementor-element elementor-element-661fd7b1\" data-id=\"661fd7b1\" data-element_type=\"column\">\n\t\t\t<div class=\"elementor-widget-wrap elementor-element-populated\">\n\t\t\t\t\t\t\t\t<div class=\"elementor-element elementor-element-58f19ba3 elementor-widget elementor-widget-text-editor\" data-id=\"58f19ba3\" data-element_type=\"widget\" data-widget_type=\"text-editor.default\">\n\t\t\t\t<div class=\"elementor-widget-container\">\n\t\t\t\t\t\t\t<p>AUTO-KOLSOPPI OY<br \/><span style=\"color: #ffffff;\"><a style=\"color: #ffffff;\" href=\"https:\/\/www.auto-kolsoppi.fi\/?page_id=1353\">auto-kolsoppi.fi<\/a><\/span><br \/><span style=\"color: #ffffff;\"><a style=\"color: #ffffff;\" href=\"https:\/\/www.auto-kolsoppi.fi\/?page_id=1361\">Tietosuojaseloste<\/a><\/span><\/p>\t\t\t\t\t\t<\/div>\n\t\t\t\t<\/div>\n\t\t\t\t\t<\/div>\n\t\t<\/div>\n\t\t\t\t<div class=\"elementor-column elementor-col-25 elementor-top-column elementor-element elementor-element-64bb8abd\" data-id=\"64bb8abd\" data-element_type=\"column\">\n\t\t\t<div class=\"elementor-widget-wrap elementor-element-populated\">\n\t\t\t\t\t\t\t\t<div class=\"elementor-element elementor-element-16eaefed elementor-widget elementor-widget-text-editor\" data-id=\"16eaefed\" data-element_type=\"widget\" data-widget_type=\"text-editor.default\">\n\t\t\t\t<div class=\"elementor-widget-container\">\n\t\t\t\t\t\t\t<p>OSOITE<br \/>Kolsopintie 8<br \/>33470 Yl\u00f6j\u00e4rvi<\/p>\t\t\t\t\t\t<\/div>\n\t\t\t\t<\/div>\n\t\t\t\t\t<\/div>\n\t\t<\/div>\n\t\t\t\t<div class=\"elementor-column elementor-col-25 elementor-top-column elementor-element elementor-element-6b1937f0\" data-id=\"6b1937f0\" data-element_type=\"column\">\n\t\t\t<div class=\"elementor-widget-wrap elementor-element-populated\">\n\t\t\t\t\t\t\t\t<div class=\"elementor-element elementor-element-5858e4e3 elementor-widget elementor-widget-text-editor\" data-id=\"5858e4e3\" data-element_type=\"widget\" data-widget_type=\"text-editor.default\">\n\t\t\t\t<div class=\"elementor-widget-container\">\n\t\t\t\t\t\t\t<p>ASIAKASPALVELU<br \/>+358 (0) 103 222 799<br \/>autokolsoppi@elisanet.fi<\/p>\t\t\t\t\t\t<\/div>\n\t\t\t\t<\/div>\n\t\t\t\t\t<\/div>\n\t\t<\/div>\n\t\t\t\t<div class=\"elementor-column elementor-col-25 elementor-top-column elementor-element elementor-element-3d59cc47\" data-id=\"3d59cc47\" data-element_type=\"column\">\n\t\t\t<div class=\"elementor-widget-wrap elementor-element-populated\">\n\t\t\t\t\t\t\t\t<div class=\"elementor-element elementor-element-2b624cc9 elementor-widget elementor-widget-text-editor\" data-id=\"2b624cc9\" data-element_type=\"widget\" data-widget_type=\"text-editor.default\">\n\t\t\t\t<div class=\"elementor-widget-container\">\n\t\t\t\t\t\t\t<p>AVOINNA<br \/>Ma-pe: 8-17<br \/>La-su: 9-14<\/p>\t\t\t\t\t\t<\/div>\n\t\t\t\t<\/div>\n\t\t\t\t\t<\/div>\n\t\t<\/div>\n\t\t\t\t\t\t\t<\/div>\n\t\t<\/section>\n\t\t\t\t\t\t\t<\/div>\n\t\t","protected":false},"excerpt":{"rendered":"<p>Tietosuojaseloste1. Rekisteriseloste Henkil\u00f6tietolaki (523\/99) 10 \u00a7 Auto-kolsoppi Oy:n asiakkaiden henkil\u00f6tietoja ker\u00e4t\u00e4\u00e4n asiakasrekisteriin rekister\u00f6itymisen ja yhteydenottojen yhteydess\u00e4. T\u00e4st\u00e4 rekisteriselosteesta selvi\u00e4\u00e4, mit\u00e4 tietoja ker\u00e4t\u00e4\u00e4n ja mihin niit\u00e4 k\u00e4ytet\u00e4\u00e4n. 1.1. Rekisterinpit\u00e4j\u00e4 Auto-kolsoppi OY Kolsopintie 833470 Yl\u00f6j\u00e4rvi, Finland \u00a0 1.2. Rekisteriasioista vastaava Auto-kolsoppi Oy +358 (0) 103 222 799autokolsoppi@elisanet.fi AUTO-KOLSOPPI OYKolsopintie 833470 Yl\u00f6j\u00e4rvi Y-tunnus: 1047589-4 \u00a0 1.3. Rekisterin nimi &hellip; <\/p>\n<p class=\"link-more\"><a href=\"https:\/\/www.auto-kolsoppi.fi\/?page_id=1361\" class=\"more-link\">Jatka lukemista<span class=\"screen-reader-text\"> &#8221;Tietosuojaseloste&#8221;<\/span><\/a><\/p>\n","protected":false},"author":1,"featured_media":0,"parent":0,"menu_order":0,"comment_status":"closed","ping_status":"closed","template":"","meta":{"footnotes":""},"class_list":["post-1361","page","type-page","status-publish","hentry"],"_links":{"self":[{"href":"https:\/\/www.auto-kolsoppi.fi\/index.php?rest_route=\/wp\/v2\/pages\/1361","targetHints":{"allow":["GET"]}}],"collection":[{"href":"https:\/\/www.auto-kolsoppi.fi\/index.php?rest_route=\/wp\/v2\/pages"}],"about":[{"href":"https:\/\/www.auto-kolsoppi.fi\/index.php?rest_route=\/wp\/v2\/types\/page"}],"author":[{"embeddable":true,"href":"https:\/\/www.auto-kolsoppi.fi\/index.php?rest_route=\/wp\/v2\/users\/1"}],"replies":[{"embeddable":true,"href":"https:\/\/www.auto-kolsoppi.fi\/index.php?rest_route=%2Fwp%2Fv2%2Fcomments&post=1361"}],"version-history":[{"count":6,"href":"https:\/\/www.auto-kolsoppi.fi\/index.php?rest_route=\/wp\/v2\/pages\/1361\/revisions"}],"predecessor-version":[{"id":1401,"href":"https:\/\/www.auto-kolsoppi.fi\/index.php?rest_route=\/wp\/v2\/pages\/1361\/revisions\/1401"}],"wp:attachment":[{"href":"https:\/\/www.auto-kolsoppi.fi\/index.php?rest_route=%2Fwp%2Fv2%2Fmedia&parent=1361"}],"curies":[{"name":"wp","href":"https:\/\/api.w.org\/{rel}","templated":true}]}}