{"id":1353,"date":"2023-06-28T07:13:18","date_gmt":"2023-06-28T07:13:18","guid":{"rendered":"https:\/\/www.auto-kolsoppi.fi\/?page_id=1353"},"modified":"2025-10-16T10:13:01","modified_gmt":"2025-10-16T10:13:01","slug":"auto-kolsoppi-2","status":"publish","type":"page","link":"https:\/\/www.auto-kolsoppi.fi\/","title":{"rendered":"Auto-Kolsoppi"},"content":{"rendered":"\t\t<div data-elementor-type=\"wp-page\" data-elementor-id=\"1353\" class=\"elementor elementor-1353\">\n\t\t\t\t\t\t\t\t\t<section class=\"elementor-section elementor-top-section elementor-element elementor-element-d940a30 elementor-section-stretched elementor-section-boxed elementor-section-height-default elementor-section-height-default\" data-id=\"d940a30\" data-element_type=\"section\" data-settings=\"{&quot;stretch_section&quot;:&quot;section-stretched&quot;,&quot;background_background&quot;:&quot;classic&quot;}\">\n\t\t\t\t\t\t<div class=\"elementor-container elementor-column-gap-default\">\n\t\t\t\t\t<div class=\"elementor-column elementor-col-33 elementor-top-column elementor-element elementor-element-869c649\" data-id=\"869c649\" data-element_type=\"column\">\n\t\t\t<div class=\"elementor-widget-wrap elementor-element-populated\">\n\t\t\t\t\t\t\t\t<div class=\"elementor-element elementor-element-047f059 elementor-widget elementor-widget-heading\" data-id=\"047f059\" data-element_type=\"widget\" data-widget_type=\"heading.default\">\n\t\t\t\t<div class=\"elementor-widget-container\">\n\t\t\t<style>\/*! elementor - v3.14.0 - 26-06-2023 *\/\n.elementor-heading-title{padding:0;margin:0;line-height:1}.elementor-widget-heading .elementor-heading-title[class*=elementor-size-]>a{color:inherit;font-size:inherit;line-height:inherit}.elementor-widget-heading .elementor-heading-title.elementor-size-small{font-size:15px}.elementor-widget-heading .elementor-heading-title.elementor-size-medium{font-size:19px}.elementor-widget-heading .elementor-heading-title.elementor-size-large{font-size:29px}.elementor-widget-heading .elementor-heading-title.elementor-size-xl{font-size:39px}.elementor-widget-heading .elementor-heading-title.elementor-size-xxl{font-size:59px}<\/style><h2 class=\"elementor-heading-title elementor-size-small\">TARJONTA<\/h2>\t\t<\/div>\n\t\t\t\t<\/div>\n\t\t\t\t<div class=\"elementor-element elementor-element-fb2f3ce elementor-widget elementor-widget-text-editor\" data-id=\"fb2f3ce\" data-element_type=\"widget\" data-widget_type=\"text-editor.default\">\n\t\t\t\t<div class=\"elementor-widget-container\">\n\t\t\t<style>\/*! elementor - v3.14.0 - 26-06-2023 *\/\n.elementor-widget-text-editor.elementor-drop-cap-view-stacked .elementor-drop-cap{background-color:#69727d;color:#fff}.elementor-widget-text-editor.elementor-drop-cap-view-framed .elementor-drop-cap{color:#69727d;border:3px solid;background-color:transparent}.elementor-widget-text-editor:not(.elementor-drop-cap-view-default) .elementor-drop-cap{margin-top:8px}.elementor-widget-text-editor:not(.elementor-drop-cap-view-default) .elementor-drop-cap-letter{width:1em;height:1em}.elementor-widget-text-editor .elementor-drop-cap{float:left;text-align:center;line-height:1;font-size:50px}.elementor-widget-text-editor .elementor-drop-cap-letter{display:inline-block}<\/style>\t\t\t\t<p style=\"text-align: center;\"><span style=\"font-size: 14px;\">\u2022Valikoituja alkuper\u00e4isi\u00e4 purkuvaraosia\u2022<br \/><\/span><span style=\"font-size: 14px;\">\u2022Uudet alkuper\u00e4iset varaosat ja tarvikk<\/span><span style=\"font-size: 14px; color: #ffffff;\">eet\u2022<\/span><\/p>\t\t\t\t\t\t<\/div>\n\t\t\t\t<\/div>\n\t\t\t\t\t<\/div>\n\t\t<\/div>\n\t\t\t\t<div class=\"elementor-column elementor-col-33 elementor-top-column elementor-element elementor-element-9429654\" data-id=\"9429654\" data-element_type=\"column\">\n\t\t\t<div class=\"elementor-widget-wrap elementor-element-populated\">\n\t\t\t\t\t\t\t\t<div class=\"elementor-element elementor-element-f0a4d31 elementor-widget elementor-widget-heading\" data-id=\"f0a4d31\" data-element_type=\"widget\" data-widget_type=\"heading.default\">\n\t\t\t\t<div class=\"elementor-widget-container\">\n\t\t\t<h2 class=\"elementor-heading-title elementor-size-small\">YLI 50 VUODEN KOKEMUS<\/h2>\t\t<\/div>\n\t\t\t\t<\/div>\n\t\t\t\t<div class=\"elementor-element elementor-element-bed2662 elementor-widget elementor-widget-text-editor\" data-id=\"bed2662\" data-element_type=\"widget\" data-widget_type=\"text-editor.default\">\n\t\t\t\t<div class=\"elementor-widget-container\">\n\t\t\t\t\t\t\t<p style=\"text-align: center;\"><span style=\"font-size: 14px; font-family: var( --e-global-typography-text-font-family ), Sans-serif; font-weight: var( --e-global-typography-text-font-weight ); background-color: var( --e-global-color-7ef226d );\">\u2022<\/span><span style=\"font-size: 14px;\">Asiantunteva ty\u00f6tiimi\u2022<br \/>\u2022Nopeat toimitukset Pohjoismaihin<\/span><span style=\"font-size: 14px; font-family: var( --e-global-typography-text-font-family ), Sans-serif; font-weight: var( --e-global-typography-text-font-weight ); background-color: var( --e-global-color-7ef226d );\">\u2022<\/span><\/p>\t\t\t\t\t\t<\/div>\n\t\t\t\t<\/div>\n\t\t\t\t\t<\/div>\n\t\t<\/div>\n\t\t\t\t<div class=\"elementor-column elementor-col-33 elementor-top-column elementor-element elementor-element-6a29432\" data-id=\"6a29432\" data-element_type=\"column\">\n\t\t\t<div class=\"elementor-widget-wrap elementor-element-populated\">\n\t\t\t\t\t\t\t\t<div class=\"elementor-element elementor-element-f315eca elementor-widget elementor-widget-heading\" data-id=\"f315eca\" data-element_type=\"widget\" data-widget_type=\"heading.default\">\n\t\t\t\t<div class=\"elementor-widget-container\">\n\t\t\t<h2 class=\"elementor-heading-title elementor-size-small\">PALVELUITA<\/h2>\t\t<\/div>\n\t\t\t\t<\/div>\n\t\t\t\t<div class=\"elementor-element elementor-element-94a34dc elementor-widget elementor-widget-text-editor\" data-id=\"94a34dc\" data-element_type=\"widget\" data-widget_type=\"text-editor.default\">\n\t\t\t\t<div class=\"elementor-widget-container\">\n\t\t\t\t\t\t\t<p style=\"text-align: center;\"><span style=\"font-size: 14px;\">\u2022Vaihdelaatikkojen korjauspalvelut\u2022<br \/>\u2022Tasauspy\u00f6r\u00e4st\u00f6jen korjauspalvelut\u2022<\/span><\/p>\t\t\t\t\t\t<\/div>\n\t\t\t\t<\/div>\n\t\t\t\t\t<\/div>\n\t\t<\/div>\n\t\t\t\t\t\t\t<\/div>\n\t\t<\/section>\n\t\t\t\t<section class=\"elementor-section elementor-top-section elementor-element elementor-element-c09fc26 elementor-section-boxed elementor-section-height-default elementor-section-height-default\" data-id=\"c09fc26\" data-element_type=\"section\">\n\t\t\t\t\t\t<div class=\"elementor-container elementor-column-gap-default\">\n\t\t\t\t\t<div class=\"elementor-column elementor-col-100 elementor-top-column elementor-element elementor-element-35f0f59\" data-id=\"35f0f59\" data-element_type=\"column\">\n\t\t\t<div class=\"elementor-widget-wrap elementor-element-populated\">\n\t\t\t\t\t\t\t\t<div class=\"elementor-element elementor-element-b91c96d elementor-widget elementor-widget-heading\" data-id=\"b91c96d\" data-element_type=\"widget\" data-widget_type=\"heading.default\">\n\t\t\t\t<div class=\"elementor-widget-container\">\n\t\t\t<h2 class=\"elementor-heading-title elementor-size-default\">AUTO-KOLSOPPI OY<\/h2>\t\t<\/div>\n\t\t\t\t<\/div>\n\t\t\t\t<div class=\"elementor-element elementor-element-6775aa6 elementor-widget elementor-widget-text-editor\" data-id=\"6775aa6\" data-element_type=\"widget\" data-widget_type=\"text-editor.default\">\n\t\t\t\t<div class=\"elementor-widget-container\">\n\t\t\t\t\t\t\t<p>Auto-Kolsoppi Oy tarjoaa yli 55 vuoden kokemuksella kuorma-autojen myynti-, purku- ja korjaustoimintaa.&nbsp;<span style=\"color: var( --e-global-color-7ef226d ); font-family: var( --e-global-typography-text-font-family ), Sans-serif; font-weight: var( --e-global-typography-text-font-weight ); font-size: 1rem;\">Tarjontamme koostuu p\u00e4\u00e4asiallisesti Scania ja Volvo kuorma-autoista, varaosista ja varusteista. Valikoimastamme l\u00f6ytyy my\u00f6s Mercedes-Benz, Sisu ja Man kuorma-autoja sek\u00e4&nbsp;varaosia. Puramme p\u00e4\u00e4s\u00e4\u00e4nt\u00f6isesti vuoden 2005 ja uudempia autoja.<\/span><\/p>\t\t\t\t\t\t<\/div>\n\t\t\t\t<\/div>\n\t\t\t\t<div class=\"elementor-element elementor-element-1c7f900 animated-slow elementor-invisible elementor-widget elementor-widget-image\" data-id=\"1c7f900\" data-element_type=\"widget\" data-settings=\"{&quot;_animation&quot;:&quot;fadeInRight&quot;}\" data-widget_type=\"image.default\">\n\t\t\t\t<div class=\"elementor-widget-container\">\n\t\t\t<style>\/*! elementor - v3.14.0 - 26-06-2023 *\/\n.elementor-widget-image{text-align:center}.elementor-widget-image a{display:inline-block}.elementor-widget-image a img[src$=\".svg\"]{width:48px}.elementor-widget-image img{vertical-align:middle;display:inline-block}<\/style>\t\t\t\t\t\t\t\t\t\t\t\t<img loading=\"lazy\" decoding=\"async\" width=\"521\" height=\"521\" src=\"https:\/\/www.auto-kolsoppi.fi\/wp-content\/uploads\/2021\/02\/autokolsoppi-logo-1.jpg\" class=\"attachment-large size-large wp-image-1290\" alt=\"\" srcset=\"https:\/\/www.auto-kolsoppi.fi\/wp-content\/uploads\/2021\/02\/autokolsoppi-logo-1.jpg 521w, https:\/\/www.auto-kolsoppi.fi\/wp-content\/uploads\/2021\/02\/autokolsoppi-logo-1-300x300.jpg 300w, https:\/\/www.auto-kolsoppi.fi\/wp-content\/uploads\/2021\/02\/autokolsoppi-logo-1-150x150.jpg 150w, https:\/\/www.auto-kolsoppi.fi\/wp-content\/uploads\/2021\/02\/autokolsoppi-logo-1-160x160.jpg 160w, https:\/\/www.auto-kolsoppi.fi\/wp-content\/uploads\/2021\/02\/autokolsoppi-logo-1-100x100.jpg 100w\" sizes=\"auto, 100vw\" \/>\t\t\t\t\t\t\t\t\t\t\t\t\t\t\t<\/div>\n\t\t\t\t<\/div>\n\t\t\t\t\t<\/div>\n\t\t<\/div>\n\t\t\t\t\t\t\t<\/div>\n\t\t<\/section>\n\t\t\t\t<section class=\"elementor-section elementor-top-section elementor-element elementor-element-e586124 elementor-section-stretched elementor-section-boxed elementor-section-height-default elementor-section-height-default\" data-id=\"e586124\" data-element_type=\"section\" data-settings=\"{&quot;stretch_section&quot;:&quot;section-stretched&quot;,&quot;background_background&quot;:&quot;classic&quot;}\">\n\t\t\t\t\t\t<div class=\"elementor-container elementor-column-gap-default\">\n\t\t\t\t\t<div class=\"elementor-column elementor-col-25 elementor-top-column elementor-element elementor-element-7c7341b3\" data-id=\"7c7341b3\" data-element_type=\"column\">\n\t\t\t<div class=\"elementor-widget-wrap elementor-element-populated\">\n\t\t\t\t\t\t\t\t<div class=\"elementor-element elementor-element-55b2a6e4 elementor-widget elementor-widget-text-editor\" data-id=\"55b2a6e4\" data-element_type=\"widget\" data-widget_type=\"text-editor.default\">\n\t\t\t\t<div class=\"elementor-widget-container\">\n\t\t\t\t\t\t\t<p>AUTO-KOLSOPPI OY<br \/><span style=\"color: #ffffff;\"><a style=\"color: #ffffff;\" href=\"https:\/\/www.auto-kolsoppi.fi\/?page_id=1427\">Laskutustiedot<\/a><\/span><br \/><span style=\"color: #ffffff;\"><a style=\"color: #ffffff;\" href=\"https:\/\/www.auto-kolsoppi.fi\/?page_id=1361\">Tietosuojaseloste<\/a><\/span><\/p>\t\t\t\t\t\t<\/div>\n\t\t\t\t<\/div>\n\t\t\t\t\t<\/div>\n\t\t<\/div>\n\t\t\t\t<div class=\"elementor-column elementor-col-25 elementor-top-column elementor-element elementor-element-446ecd88\" data-id=\"446ecd88\" data-element_type=\"column\">\n\t\t\t<div class=\"elementor-widget-wrap elementor-element-populated\">\n\t\t\t\t\t\t\t\t<div class=\"elementor-element elementor-element-8af1375 elementor-widget elementor-widget-text-editor\" data-id=\"8af1375\" data-element_type=\"widget\" data-widget_type=\"text-editor.default\">\n\t\t\t\t<div class=\"elementor-widget-container\">\n\t\t\t\t\t\t\t<p>OSOITE<br \/>Kolsopintie 8<br \/>33470 Yl\u00f6j\u00e4rvi<\/p>\t\t\t\t\t\t<\/div>\n\t\t\t\t<\/div>\n\t\t\t\t\t<\/div>\n\t\t<\/div>\n\t\t\t\t<div class=\"elementor-column elementor-col-25 elementor-top-column elementor-element elementor-element-524c9ab2\" data-id=\"524c9ab2\" data-element_type=\"column\">\n\t\t\t<div class=\"elementor-widget-wrap elementor-element-populated\">\n\t\t\t\t\t\t\t\t<div class=\"elementor-element elementor-element-69f3f35b elementor-widget elementor-widget-text-editor\" data-id=\"69f3f35b\" data-element_type=\"widget\" data-widget_type=\"text-editor.default\">\n\t\t\t\t<div class=\"elementor-widget-container\">\n\t\t\t\t\t\t\t<p>ASIAKASPALVELU<br \/>+358 (0) 103 222 799<br \/>autokolsoppi@elisanet.fi<\/p>\t\t\t\t\t\t<\/div>\n\t\t\t\t<\/div>\n\t\t\t\t\t<\/div>\n\t\t<\/div>\n\t\t\t\t<div class=\"elementor-column elementor-col-25 elementor-top-column elementor-element elementor-element-70258af0\" data-id=\"70258af0\" data-element_type=\"column\">\n\t\t\t<div class=\"elementor-widget-wrap elementor-element-populated\">\n\t\t\t\t\t\t\t\t<div class=\"elementor-element elementor-element-4ce56870 elementor-widget elementor-widget-text-editor\" data-id=\"4ce56870\" data-element_type=\"widget\" data-widget_type=\"text-editor.default\">\n\t\t\t\t<div class=\"elementor-widget-container\">\n\t\t\t\t\t\t\t<p>AVOINNA<br \/>Ma-pe: 8-17<br \/>La-su: 9-14<\/p>\t\t\t\t\t\t<\/div>\n\t\t\t\t<\/div>\n\t\t\t\t\t<\/div>\n\t\t<\/div>\n\t\t\t\t\t\t\t<\/div>\n\t\t<\/section>\n\t\t\t\t<section class=\"elementor-section elementor-top-section elementor-element elementor-element-d73dc09 elementor-section-boxed elementor-section-height-default elementor-section-height-default\" data-id=\"d73dc09\" data-element_type=\"section\">\n\t\t\t\t\t\t<div class=\"elementor-container elementor-column-gap-default\">\n\t\t\t\t\t<div class=\"elementor-column elementor-col-100 elementor-top-column elementor-element elementor-element-0e5cb6b\" data-id=\"0e5cb6b\" data-element_type=\"column\">\n\t\t\t<div class=\"elementor-widget-wrap elementor-element-populated\">\n\t\t\t\t\t\t\t\t<div class=\"elementor-element elementor-element-c13db4b elementor-widget elementor-widget-image\" data-id=\"c13db4b\" data-element_type=\"widget\" data-widget_type=\"image.default\">\n\t\t\t\t<div class=\"elementor-widget-container\">\n\t\t\t\t\t\t\t\t\t\t\t\t\t\t\t<img loading=\"lazy\" decoding=\"async\" width=\"150\" height=\"150\" src=\"https:\/\/www.auto-kolsoppi.fi\/wp-content\/uploads\/2018\/02\/sininen-kierr\u00e4tys-150x150.png\" class=\"attachment-thumbnail size-thumbnail wp-image-716\" alt=\"\" srcset=\"https:\/\/www.auto-kolsoppi.fi\/wp-content\/uploads\/2018\/02\/sininen-kierr\u00e4tys-150x150.png 150w, https:\/\/www.auto-kolsoppi.fi\/wp-content\/uploads\/2018\/02\/sininen-kierr\u00e4tys-300x300.png 300w, https:\/\/www.auto-kolsoppi.fi\/wp-content\/uploads\/2018\/02\/sininen-kierr\u00e4tys-100x100.png 100w\" sizes=\"auto, 100vw\" \/>\t\t\t\t\t\t\t\t\t\t\t\t\t\t\t<\/div>\n\t\t\t\t<\/div>\n\t\t\t\t\t<\/div>\n\t\t<\/div>\n\t\t\t\t\t\t\t<\/div>\n\t\t<\/section>\n\t\t\t\t\t\t\t<\/div>\n\t\t","protected":false},"excerpt":{"rendered":"<p>TARJONTA \u2022Valikoituja alkuper\u00e4isi\u00e4 purkuvaraosia\u2022\u2022Uudet alkuper\u00e4iset varaosat ja tarvikkeet\u2022 YLI 50 VUODEN KOKEMUS \u2022Asiantunteva ty\u00f6tiimi\u2022\u2022Nopeat toimitukset Pohjoismaihin\u2022 PALVELUITA \u2022Vaihdelaatikkojen korjauspalvelut\u2022\u2022Tasauspy\u00f6r\u00e4st\u00f6jen korjauspalvelut\u2022 AUTO-KOLSOPPI OY Auto-Kolsoppi Oy tarjoaa yli 55 vuoden kokemuksella kuorma-autojen myynti-, purku- ja korjaustoimintaa.&nbsp;Tarjontamme koostuu p\u00e4\u00e4asiallisesti Scania ja Volvo kuorma-autoista, varaosista ja varusteista. Valikoimastamme l\u00f6ytyy my\u00f6s Mercedes-Benz, Sisu ja Man kuorma-autoja sek\u00e4&nbsp;varaosia. Puramme p\u00e4\u00e4s\u00e4\u00e4nt\u00f6isesti vuoden &hellip; <\/p>\n<p class=\"link-more\"><a href=\"https:\/\/www.auto-kolsoppi.fi\/\" class=\"more-link\">Jatka lukemista<span class=\"screen-reader-text\"> &#8221;Auto-Kolsoppi&#8221;<\/span><\/a><\/p>\n","protected":false},"author":1,"featured_media":0,"parent":0,"menu_order":0,"comment_status":"closed","ping_status":"closed","template":"","meta":{"footnotes":""},"class_list":["post-1353","page","type-page","status-publish","hentry"],"_links":{"self":[{"href":"https:\/\/www.auto-kolsoppi.fi\/index.php?rest_route=\/wp\/v2\/pages\/1353","targetHints":{"allow":["GET"]}}],"collection":[{"href":"https:\/\/www.auto-kolsoppi.fi\/index.php?rest_route=\/wp\/v2\/pages"}],"about":[{"href":"https:\/\/www.auto-kolsoppi.fi\/index.php?rest_route=\/wp\/v2\/types\/page"}],"author":[{"embeddable":true,"href":"https:\/\/www.auto-kolsoppi.fi\/index.php?rest_route=\/wp\/v2\/users\/1"}],"replies":[{"embeddable":true,"href":"https:\/\/www.auto-kolsoppi.fi\/index.php?rest_route=%2Fwp%2Fv2%2Fcomments&post=1353"}],"version-history":[{"count":28,"href":"https:\/\/www.auto-kolsoppi.fi\/index.php?rest_route=\/wp\/v2\/pages\/1353\/revisions"}],"predecessor-version":[{"id":1495,"href":"https:\/\/www.auto-kolsoppi.fi\/index.php?rest_route=\/wp\/v2\/pages\/1353\/revisions\/1495"}],"wp:attachment":[{"href":"https:\/\/www.auto-kolsoppi.fi\/index.php?rest_route=%2Fwp%2Fv2%2Fmedia&parent=1353"}],"curies":[{"name":"wp","href":"https:\/\/api.w.org\/{rel}","templated":true}]}}